{"id":6180,"date":"2019-11-22T05:03:08","date_gmt":"2019-11-22T05:03:08","guid":{"rendered":"http:\/\/consulting.stylemixthemes.com\/demo\/?page_id=6180"},"modified":"2023-09-01T12:24:48","modified_gmt":"2023-09-01T12:24:48","slug":"cariere","status":"publish","type":"page","link":"http:\/\/primeramaritime.ro\/en\/cariere\/","title":{"rendered":"Careers"},"content":{"rendered":"<div data-elementor-type=\"wp-page\" data-elementor-id=\"6180\" class=\"elementor elementor-6180\">\n\t\t\t\t\t\t<section class=\"elementor-section elementor-top-section elementor-element elementor-element-4c95373 elementor-section-boxed elementor-section-height-default elementor-section-height-default\" data-id=\"4c95373\" data-element_type=\"section\">\n\t\t\t\t\t\t<div class=\"elementor-container elementor-column-gap-default\">\n\t\t\t\t\t<div class=\"elementor-column elementor-col-100 elementor-top-column elementor-element elementor-element-3d47c9f\" data-id=\"3d47c9f\" data-element_type=\"column\">\n\t\t\t<div class=\"elementor-widget-wrap elementor-element-populated\">\n\t\t\t\t\t\t<div class=\"elementor-element elementor-element-219d3f8 elementor-widget elementor-widget-vc_custom_heading\" data-id=\"219d3f8\" data-element_type=\"widget\" data-widget_type=\"vc_custom_heading.default\">\n\t\t\t\t<div class=\"elementor-widget-container\">\n\t\t\t\t\t<div class=\"vc_custom_heading  consulting_heading_font  text_align_left\" ><h2 style=\"text-align: left\" class=\"consulting-custom-title\"><a href=\"http:\/\/primeramaritime.ro\/en\/cariere\/\">Careers<\/a><\/h2><\/div>\t\t\t\t<\/div>\n\t\t\t\t<\/div>\n\t\t\t\t\t<\/div>\n\t\t<\/div>\n\t\t\t\t\t<\/div>\n\t\t<\/section>\n\t\t\t\t<section class=\"elementor-section elementor-top-section elementor-element elementor-element-f65259b elementor-section-boxed elementor-section-height-default elementor-section-height-default\" data-id=\"f65259b\" data-element_type=\"section\">\n\t\t\t\t\t\t<div class=\"elementor-container elementor-column-gap-default\">\n\t\t\t\t\t<div class=\"elementor-column elementor-col-33 elementor-top-column elementor-element elementor-element-a2ba2e3\" data-id=\"a2ba2e3\" data-element_type=\"column\">\n\t\t\t<div class=\"elementor-widget-wrap elementor-element-populated\">\n\t\t\t\t\t\t<div class=\"elementor-element elementor-element-b3980f5 elementor-widget elementor-widget-stm_header_logo\" data-id=\"b3980f5\" data-element_type=\"widget\" data-widget_type=\"stm_header_logo.default\">\n\t\t\t\t<div class=\"elementor-widget-container\">\n\t\t\t\t\t\n\t\t<div class=\"consulting-logo\">\n\t\t\t\t\t\t<a href=\"http:\/\/primeramaritime.ro\/en\/\">\n\t\t\t\t\t\t\t\t<img decoding=\"async\" src=\"http:\/\/primeramaritime.ro\/wp-content\/uploads\/2023\/08\/primera.svg\" alt=\"Primera Maritime\"\/>\n\t\t\t\t\t\t\t<\/a>\n\t\t\t\t<\/div>\n\n\t\t\t\t\t\t<\/div>\n\t\t\t\t<\/div>\n\t\t\t\t<div class=\"elementor-element elementor-element-219e340 elementor-widget elementor-widget-stm_spacing\" data-id=\"219e340\" data-element_type=\"widget\" data-widget_type=\"stm_spacing.default\">\n\t\t\t\t<div class=\"elementor-widget-container\">\n\t\t\t\t\t<div class=\"stm-spacing\" id=\"stm-spacing-69f1cbcea0012\"><\/div>\n<script>\n    (function($){\n        \"use strict\";\n        var spacingID = 'stm-spacing-69f1cbcea0012',\n            lgSpacing = '0',\n            mdSpacing = '0',\n            smSpacing = '0',\n            xsSpacing = '30';\n\n        function stmSpacing() {\n            if ( window.matchMedia(\"(min-width: 1200px)\").matches && lgSpacing ) {\n                $( '#' + spacingID ).css ( \"height\", lgSpacing );\n            } else if ( window.matchMedia(\"(max-width: 1199px) and (min-width: 992px )\").matches && mdSpacing ) {\n                $( '#' + spacingID ).css ( \"height\", mdSpacing );\n            } else if ( window.matchMedia(\"(max-width: 991px) and (min-width: 768px )\").matches && smSpacing ) {\n                $( '#' + spacingID ).css ( \"height\", smSpacing );\n            } else if ( window.matchMedia(\"(max-width: 767px)\").matches && xsSpacing ) {\n                $( '#' + spacingID ).css ( \"height\", xsSpacing );\n            } else {\n                $( '#' + spacingID ).css ( \"height\", \"\" );\n            }\n        }\n\n        $(document).ready(function() {\n            stmSpacing();\n        });\n\n        $(window).resize(function() {\n            stmSpacing();\n        });\n\n    })(jQuery);\n<\/script>\t\t\t\t<\/div>\n\t\t\t\t<\/div>\n\t\t\t\t\t<\/div>\n\t\t<\/div>\n\t\t\t\t<div class=\"elementor-column elementor-col-66 elementor-top-column elementor-element elementor-element-a84a681\" data-id=\"a84a681\" data-element_type=\"column\">\n\t\t\t<div class=\"elementor-widget-wrap elementor-element-populated\">\n\t\t\t\t\t\t<div class=\"elementor-element elementor-element-219ea1a elementor-widget elementor-widget-vc_custom_heading\" data-id=\"219ea1a\" data-element_type=\"widget\" data-widget_type=\"vc_custom_heading.default\">\n\t\t\t\t<div class=\"elementor-widget-container\">\n\t\t\t\t\t<div class=\"vc_custom_heading remove_padding consulting_heading_font  text_align_center\" ><h4 style=\"text-align: center;font-weight:700\" class=\"consulting-custom-title\">The sea is ours, the future is yours!\n<\/h4><\/div>\t\t\t\t<\/div>\n\t\t\t\t<\/div>\n\t\t\t\t<div class=\"elementor-element elementor-element-219ed2a elementor-widget elementor-widget-text-editor\" data-id=\"219ed2a\" data-element_type=\"widget\" data-widget_type=\"text-editor.default\">\n\t\t\t\t<div class=\"elementor-widget-container\">\n\t\t\t\t\t\t\t\t\t<p><center>Discover the endless opportunities in the maritime industry with Primera Maritime! We are a crewing agency dedicated to connecting talented professionals with successful careers at sea. With extensive experience in the field, we have gained our reputation as a reliable partner for navigators and shipowners alike. Our passionate team works tirelessly to ensure that each crew member finds the right place, and each ship is equipped with the most qualified personnel. Whether you are a captain, engineer, electrician or deck staff, Primera Maritime opens your doors to extraordinary sea voyages and remarkable professional development opportunities.<\/center><\/p>\n\t\t\t\t\t\t\t\t<\/div>\n\t\t\t\t<\/div>\n\t\t\t\t\t<\/div>\n\t\t<\/div>\n\t\t\t\t\t<\/div>\n\t\t<\/section>\n\t\t\t\t<section class=\"elementor-section elementor-top-section elementor-element elementor-element-219cad1 elementor-section-boxed elementor-section-height-default elementor-section-height-default\" data-id=\"219cad1\" data-element_type=\"section\">\n\t\t\t\t\t\t<div class=\"elementor-container elementor-column-gap-default\">\n\t\t\t\t\t<div class=\"elementor-column elementor-col-100 elementor-top-column elementor-element elementor-element-219cfc7\" data-id=\"219cfc7\" data-element_type=\"column\">\n\t\t\t<div class=\"elementor-widget-wrap elementor-element-populated\">\n\t\t\t\t\t\t<section class=\"elementor-section elementor-top-section elementor-element elementor-element-219f102 elementor-section-boxed elementor-section-height-default elementor-section-height-default\" data-id=\"219f102\" data-element_type=\"section\">\n\t\t\t\t\t\t<div class=\"elementor-container elementor-column-gap-default\">\n\t\t\t\t\t<div class=\"elementor-column elementor-col-33 elementor-top-column elementor-element elementor-element-219f65b\" data-id=\"219f65b\" data-element_type=\"column\">\n\t\t\t<div class=\"elementor-widget-wrap elementor-element-populated\">\n\t\t\t\t\t\t<div class=\"elementor-element elementor-element-219fb02 elementor-widget elementor-widget-stm_info_box\" data-id=\"219fb02\" data-element_type=\"widget\" data-widget_type=\"stm_info_box.default\">\n\t\t\t\t<div class=\"elementor-widget-container\">\n\t\t\t\t\t<div class=\"infobox  elementor-consulting-info-box style_8\">\n\t\t\t<div class=\"infobox_title_wrap\">\n\t\t\t\t\t\t\t<i class=\"third_bg_color base_font_color stm-suitcase-2\"><\/i>\n\t\t\t\t\t\t<h4 class=\"infobox_title\">Experience and expertise<\/h4>\n\t\t<\/div>\n\t\t\t\t<div class=\"infobox_content base_font_color\">\n\t\t\t<p>Primera Maritime enjoys a solid experience in the maritime industry, being a crewing agency that has developed long-term partnerships with top ship owners and professionals in the field. Our team consists of well-trained specialists with a deep understanding of the specific requirements of the industry, ensuring a careful selection and perfect match between crew members and ships.<\/p>\n\t\t<\/div>\n\t<\/div>\n\t\t\t\t<\/div>\n\t\t\t\t<\/div>\n\t\t\t\t<div class=\"elementor-element elementor-element-219fc94 elementor-widget elementor-widget-stm_spacing\" data-id=\"219fc94\" data-element_type=\"widget\" data-widget_type=\"stm_spacing.default\">\n\t\t\t\t<div class=\"elementor-widget-container\">\n\t\t\t\t\t<div class=\"stm-spacing\" id=\"stm-spacing-69f1cbcea1a75\"><\/div>\n<script>\n    (function($){\n        \"use strict\";\n        var spacingID = 'stm-spacing-69f1cbcea1a75',\n            lgSpacing = '0',\n            mdSpacing = '0',\n            smSpacing = '0',\n            xsSpacing = '30';\n\n        function stmSpacing() {\n            if ( window.matchMedia(\"(min-width: 1200px)\").matches && lgSpacing ) {\n                $( '#' + spacingID ).css ( \"height\", lgSpacing );\n            } else if ( window.matchMedia(\"(max-width: 1199px) and (min-width: 992px )\").matches && mdSpacing ) {\n                $( '#' + spacingID ).css ( \"height\", mdSpacing );\n            } else if ( window.matchMedia(\"(max-width: 991px) and (min-width: 768px )\").matches && smSpacing ) {\n                $( '#' + spacingID ).css ( \"height\", smSpacing );\n            } else if ( window.matchMedia(\"(max-width: 767px)\").matches && xsSpacing ) {\n                $( '#' + spacingID ).css ( \"height\", xsSpacing );\n            } else {\n                $( '#' + spacingID ).css ( \"height\", \"\" );\n            }\n        }\n\n        $(document).ready(function() {\n            stmSpacing();\n        });\n\n        $(window).resize(function() {\n            stmSpacing();\n        });\n\n    })(jQuery);\n<\/script>\t\t\t\t<\/div>\n\t\t\t\t<\/div>\n\t\t\t\t\t<\/div>\n\t\t<\/div>\n\t\t\t\t<div class=\"elementor-column elementor-col-33 elementor-top-column elementor-element elementor-element-219fd59\" data-id=\"219fd59\" data-element_type=\"column\">\n\t\t\t<div class=\"elementor-widget-wrap elementor-element-populated\">\n\t\t\t\t\t\t<div class=\"elementor-element elementor-element-21a015b elementor-widget elementor-widget-stm_info_box\" data-id=\"21a015b\" data-element_type=\"widget\" data-widget_type=\"stm_info_box.default\">\n\t\t\t\t<div class=\"elementor-widget-container\">\n\t\t\t\t\t<div class=\"infobox  elementor-consulting-info-box style_8\">\n\t\t\t<div class=\"infobox_title_wrap\">\n\t\t\t\t\t\t\t<i class=\"third_bg_color base_font_color fa fa-plane\"><\/i>\n\t\t\t\t\t\t<h4 class=\"infobox_title\">Commitment to Security<\/h4>\n\t\t<\/div>\n\t\t\t\t<div class=\"infobox_content base_font_color\">\n\t\t\t<p>Crew and ship safety is a key priority for us. We only work with ships that meet the highest standards of maritime security and ensure that each crew member is adequately trained in safety and response procedures emergency. Thus, we offer a safe and protected work environment for all involved.<\/p>\n\t\t<\/div>\n\t<\/div>\n\t\t\t\t<\/div>\n\t\t\t\t<\/div>\n\t\t\t\t<div class=\"elementor-element elementor-element-21a02ca elementor-widget elementor-widget-stm_spacing\" data-id=\"21a02ca\" data-element_type=\"widget\" data-widget_type=\"stm_spacing.default\">\n\t\t\t\t<div class=\"elementor-widget-container\">\n\t\t\t\t\t<div class=\"stm-spacing\" id=\"stm-spacing-69f1cbcea2295\"><\/div>\n<script>\n    (function($){\n        \"use strict\";\n        var spacingID = 'stm-spacing-69f1cbcea2295',\n            lgSpacing = '0',\n            mdSpacing = '0',\n            smSpacing = '0',\n            xsSpacing = '30';\n\n        function stmSpacing() {\n            if ( window.matchMedia(\"(min-width: 1200px)\").matches && lgSpacing ) {\n                $( '#' + spacingID ).css ( \"height\", lgSpacing );\n            } else if ( window.matchMedia(\"(max-width: 1199px) and (min-width: 992px )\").matches && mdSpacing ) {\n                $( '#' + spacingID ).css ( \"height\", mdSpacing );\n            } else if ( window.matchMedia(\"(max-width: 991px) and (min-width: 768px )\").matches && smSpacing ) {\n                $( '#' + spacingID ).css ( \"height\", smSpacing );\n            } else if ( window.matchMedia(\"(max-width: 767px)\").matches && xsSpacing ) {\n                $( '#' + spacingID ).css ( \"height\", xsSpacing );\n            } else {\n                $( '#' + spacingID ).css ( \"height\", \"\" );\n            }\n        }\n\n        $(document).ready(function() {\n            stmSpacing();\n        });\n\n        $(window).resize(function() {\n            stmSpacing();\n        });\n\n    })(jQuery);\n<\/script>\t\t\t\t<\/div>\n\t\t\t\t<\/div>\n\t\t\t\t\t<\/div>\n\t\t<\/div>\n\t\t\t\t<div class=\"elementor-column elementor-col-33 elementor-top-column elementor-element elementor-element-21a038c\" data-id=\"21a038c\" data-element_type=\"column\">\n\t\t\t<div class=\"elementor-widget-wrap elementor-element-populated\">\n\t\t\t\t\t\t<div class=\"elementor-element elementor-element-21a0843 elementor-widget elementor-widget-stm_info_box\" data-id=\"21a0843\" data-element_type=\"widget\" data-widget_type=\"stm_info_box.default\">\n\t\t\t\t<div class=\"elementor-widget-container\">\n\t\t\t\t\t<div class=\"infobox  elementor-consulting-info-box style_8\">\n\t\t\t<div class=\"infobox_title_wrap\">\n\t\t\t\t\t\t\t<i class=\"third_bg_color base_font_color stm-davos_cart\"><\/i>\n\t\t\t\t\t\t<h4 class=\"infobox_title\">Development opportunities<\/h4>\n\t\t<\/div>\n\t\t\t\t<div class=\"infobox_content base_font_color\">\n\t\t\t<p>By choosing Primera Maritime, you choose not only a job, but also a platform for personal and professional development. We offer continuing education and training programs to support you in increasing skills and abilities. Regardless of your career level, you will benefit from resources, mentoring and support to achieve your goals in the constantly evolving maritime industry.<\/p>\n\t\t<\/div>\n\t<\/div>\n\t\t\t\t<\/div>\n\t\t\t\t<\/div>\n\t\t\t\t<div class=\"elementor-element elementor-element-ff47341 elementor-widget elementor-widget-stm_spacing\" data-id=\"ff47341\" data-element_type=\"widget\" data-widget_type=\"stm_spacing.default\">\n\t\t\t\t<div class=\"elementor-widget-container\">\n\t\t\t\t\t<div class=\"stm-spacing\" id=\"stm-spacing-69f1cbcea2adb\"><\/div>\n<script>\n    (function($){\n        \"use strict\";\n        var spacingID = 'stm-spacing-69f1cbcea2adb',\n            lgSpacing = '0',\n            mdSpacing = '0',\n            smSpacing = '0',\n            xsSpacing = '30';\n\n        function stmSpacing() {\n            if ( window.matchMedia(\"(min-width: 1200px)\").matches && lgSpacing ) {\n                $( '#' + spacingID ).css ( \"height\", lgSpacing );\n            } else if ( window.matchMedia(\"(max-width: 1199px) and (min-width: 992px )\").matches && mdSpacing ) {\n                $( '#' + spacingID ).css ( \"height\", mdSpacing );\n            } else if ( window.matchMedia(\"(max-width: 991px) and (min-width: 768px )\").matches && smSpacing ) {\n                $( '#' + spacingID ).css ( \"height\", smSpacing );\n            } else if ( window.matchMedia(\"(max-width: 767px)\").matches && xsSpacing ) {\n                $( '#' + spacingID ).css ( \"height\", xsSpacing );\n            } else {\n                $( '#' + spacingID ).css ( \"height\", \"\" );\n            }\n        }\n\n        $(document).ready(function() {\n            stmSpacing();\n        });\n\n        $(window).resize(function() {\n            stmSpacing();\n        });\n\n    })(jQuery);\n<\/script>\t\t\t\t<\/div>\n\t\t\t\t<\/div>\n\t\t\t\t\t<\/div>\n\t\t<\/div>\n\t\t\t\t\t<\/div>\n\t\t<\/section>\n\t\t\t\t<div class=\"elementor-element elementor-element-21a0a3d elementor-widget elementor-widget-vc_custom_heading\" data-id=\"21a0a3d\" data-element_type=\"widget\" data-widget_type=\"vc_custom_heading.default\">\n\t\t\t\t<div class=\"elementor-widget-container\">\n\t\t\t\t\t<div class=\"vc_custom_heading  consulting_heading_font  text_align_center\" ><h2 style=\"text-align: center;font-weight:700\" class=\"consulting-custom-title\">Available jobs\n<\/h2><\/div>\t\t\t\t<\/div>\n\t\t\t\t<\/div>\n\t\t\t\t<div class=\"elementor-element elementor-element-7a6574f elementor-widget elementor-widget-text-editor\" data-id=\"7a6574f\" data-element_type=\"widget\" data-widget_type=\"text-editor.default\">\n\t\t\t\t<div class=\"elementor-widget-container\">\n\t\t\t\t\t\t\t\t\t<p>\u00a0<div class=\"job-listing row clearfix\"><div class=\"column medium-12 col-md-12\"><div class=\"no-jobs-available\"><p>Currently no job offers available.<\/p><\/div><\/div><\/div>\u00a0<\/p>\n\t\t\t\t\t\t\t\t<\/div>\n\t\t\t\t<\/div>\n\t\t\t\t<div class=\"elementor-element elementor-element-21a0c20 elementor-widget elementor-widget-stm_spacing\" data-id=\"21a0c20\" data-element_type=\"widget\" data-widget_type=\"stm_spacing.default\">\n\t\t\t\t<div class=\"elementor-widget-container\">\n\t\t\t\t\t<div class=\"stm-spacing\" id=\"stm-spacing-69f1cbcea7c28\"><\/div>\n<script>\n    (function($){\n        \"use strict\";\n        var spacingID = 'stm-spacing-69f1cbcea7c28',\n            lgSpacing = '30',\n            mdSpacing = '30',\n            smSpacing = '30',\n            xsSpacing = '20';\n\n        function stmSpacing() {\n            if ( window.matchMedia(\"(min-width: 1200px)\").matches && lgSpacing ) {\n                $( '#' + spacingID ).css ( \"height\", lgSpacing );\n            } else if ( window.matchMedia(\"(max-width: 1199px) and (min-width: 992px )\").matches && mdSpacing ) {\n                $( '#' + spacingID ).css ( \"height\", mdSpacing );\n            } else if ( window.matchMedia(\"(max-width: 991px) and (min-width: 768px )\").matches && smSpacing ) {\n                $( '#' + spacingID ).css ( \"height\", smSpacing );\n            } else if ( window.matchMedia(\"(max-width: 767px)\").matches && xsSpacing ) {\n                $( '#' + spacingID ).css ( \"height\", xsSpacing );\n            } else {\n                $( '#' + spacingID ).css ( \"height\", \"\" );\n            }\n        }\n\n        $(document).ready(function() {\n            stmSpacing();\n        });\n\n        $(window).resize(function() {\n            stmSpacing();\n        });\n\n    })(jQuery);\n<\/script>\t\t\t\t<\/div>\n\t\t\t\t<\/div>\n\t\t\t\t<div class=\"elementor-element elementor-element-21a0cc2 elementor-hidden-desktop elementor-hidden-tablet elementor-hidden-mobile elementor-widget elementor-widget-stm_vacancies\" data-id=\"21a0cc2\" data-element_type=\"widget\" data-widget_type=\"stm_vacancies.default\">\n\t\t\t\t<div class=\"elementor-widget-container\">\n\t\t\t\t\t        <div class=\"stm_vacancies consulting_elementor_vacancies style_2\">\n        <div class=\"row\">\n                            <div class=\"col-sm-6 col-md-4\">\n                    <div class=\"stm_vacancies__inner\">\n                        <a href=\"http:\/\/primeramaritime.ro\/en\/careers_archive\/cabin-steward\/\" class=\"title\">\n                            <h5>Cabin Steward<\/h5>\n                        <\/a>\n                        <div class=\"location info\">Oak Ridge, TN, US<\/div>\n                        <div class=\"department info\">Civil Construction<\/div>\n                        <div class=\"read-more\">\n                            <a href=\"http:\/\/primeramaritime.ro\/en\/careers_archive\/cabin-steward\/\" class=\"base_font_color\">\n                                <i class=\"stm-lnr-arrow-right third_bg_color\"><\/i>\n                                Read more                            <\/a>\n                            <span class=\"date\">\n                                08\/11\/2019                            <\/span>\n                        <\/div>\n                    <\/div>\n                <\/div>\n                            <div class=\"col-sm-6 col-md-4\">\n                    <div class=\"stm_vacancies__inner\">\n                        <a href=\"http:\/\/primeramaritime.ro\/en\/careers_archive\/deputy-principal-construction-manager-2\/\" class=\"title\">\n                            <h5>Deputy Principal Construction Manager<\/h5>\n                        <\/a>\n                        <div class=\"location info\">Brooklyn, NY, US<\/div>\n                        <div class=\"department info\">Project Management<\/div>\n                        <div class=\"read-more\">\n                            <a href=\"http:\/\/primeramaritime.ro\/en\/careers_archive\/deputy-principal-construction-manager-2\/\" class=\"base_font_color\">\n                                <i class=\"stm-lnr-arrow-right third_bg_color\"><\/i>\n                                Read more                            <\/a>\n                            <span class=\"date\">\n                                08\/01\/2016                            <\/span>\n                        <\/div>\n                    <\/div>\n                <\/div>\n                            <div class=\"col-sm-6 col-md-4\">\n                    <div class=\"stm_vacancies__inner\">\n                        <a href=\"http:\/\/primeramaritime.ro\/en\/careers_archive\/senior-industrial-planner\/\" class=\"title\">\n                            <h5>Senior Industrial Planner<\/h5>\n                        <\/a>\n                        <div class=\"location info\">Oak Ridge, TN, US<\/div>\n                        <div class=\"department info\">Civil Construction<\/div>\n                        <div class=\"read-more\">\n                            <a href=\"http:\/\/primeramaritime.ro\/en\/careers_archive\/senior-industrial-planner\/\" class=\"base_font_color\">\n                                <i class=\"stm-lnr-arrow-right third_bg_color\"><\/i>\n                                Read more                            <\/a>\n                            <span class=\"date\">\n                                08\/01\/2016                            <\/span>\n                        <\/div>\n                    <\/div>\n                <\/div>\n                    <\/div>\n    <\/div>\n    \t\t\t\t<\/div>\n\t\t\t\t<\/div>\n\t\t\t\t<div class=\"elementor-element elementor-element-219f02c elementor-widget elementor-widget-stm_spacing\" data-id=\"219f02c\" data-element_type=\"widget\" data-widget_type=\"stm_spacing.default\">\n\t\t\t\t<div class=\"elementor-widget-container\">\n\t\t\t\t\t<div class=\"stm-spacing\" id=\"stm-spacing-69f1cbceae583\"><\/div>\n<script>\n    (function($){\n        \"use strict\";\n        var spacingID = 'stm-spacing-69f1cbceae583',\n            lgSpacing = '50',\n            mdSpacing = '50',\n            smSpacing = '50',\n            xsSpacing = '40';\n\n        function stmSpacing() {\n            if ( window.matchMedia(\"(min-width: 1200px)\").matches && lgSpacing ) {\n                $( '#' + spacingID ).css ( \"height\", lgSpacing );\n            } else if ( window.matchMedia(\"(max-width: 1199px) and (min-width: 992px )\").matches && mdSpacing ) {\n                $( '#' + spacingID ).css ( \"height\", mdSpacing );\n            } else if ( window.matchMedia(\"(max-width: 991px) and (min-width: 768px )\").matches && smSpacing ) {\n                $( '#' + spacingID ).css ( \"height\", smSpacing );\n            } else if ( window.matchMedia(\"(max-width: 767px)\").matches && xsSpacing ) {\n                $( '#' + spacingID ).css ( \"height\", xsSpacing );\n            } else {\n                $( '#' + spacingID ).css ( \"height\", \"\" );\n            }\n        }\n\n        $(document).ready(function() {\n            stmSpacing();\n        });\n\n        $(window).resize(function() {\n            stmSpacing();\n        });\n\n    })(jQuery);\n<\/script>\t\t\t\t<\/div>\n\t\t\t\t<\/div>\n\t\t\t\t\t<\/div>\n\t\t<\/div>\n\t\t\t\t\t<\/div>\n\t\t<\/section>\n\t\t\t\t<\/div>","protected":false},"excerpt":{"rendered":"<p>Cariere Marea este a noastr\u0103, viitorul este al t\u0103u! Descoper\u0103 oportunit\u0103\u021bile infinite \u00een industria maritim\u0103 al\u0103turi de Primera Maritime! Suntem o agentie de crewing dedicat\u0103 s\u0103 conecteze profesioni\u0219ti talenta\u021bi cu cariere de succes pe mare. Cu o experien\u021b\u0103 vast\u0103 \u00een domeniu, ne-am c\u00e2\u0219tigat renumele ca fiind un partener de \u00eencredere pentru navigan\u021bi \u0219i proprietari de<\/p>","protected":false},"author":1,"featured_media":0,"parent":0,"menu_order":0,"comment_status":"closed","ping_status":"closed","template":"","meta":{"footnotes":""},"class_list":["post-6180","page","type-page","status-publish","hentry"],"_links":{"self":[{"href":"http:\/\/primeramaritime.ro\/en\/wp-json\/wp\/v2\/pages\/6180","targetHints":{"allow":["GET"]}}],"collection":[{"href":"http:\/\/primeramaritime.ro\/en\/wp-json\/wp\/v2\/pages"}],"about":[{"href":"http:\/\/primeramaritime.ro\/en\/wp-json\/wp\/v2\/types\/page"}],"author":[{"embeddable":true,"href":"http:\/\/primeramaritime.ro\/en\/wp-json\/wp\/v2\/users\/1"}],"replies":[{"embeddable":true,"href":"http:\/\/primeramaritime.ro\/en\/wp-json\/wp\/v2\/comments?post=6180"}],"version-history":[{"count":0,"href":"http:\/\/primeramaritime.ro\/en\/wp-json\/wp\/v2\/pages\/6180\/revisions"}],"wp:attachment":[{"href":"http:\/\/primeramaritime.ro\/en\/wp-json\/wp\/v2\/media?parent=6180"}],"curies":[{"name":"wp","href":"https:\/\/api.w.org\/{rel}","templated":true}]}}