{"id":6266,"date":"2019-11-26T09:25:26","date_gmt":"2019-11-26T09:25:26","guid":{"rendered":"http:\/\/consulting.stylemixthemes.com\/demo\/?page_id=6266"},"modified":"2023-11-01T08:51:45","modified_gmt":"2023-11-01T06:51:45","slug":"servicii","status":"publish","type":"page","link":"http:\/\/primeramaritime.ro\/en\/servicii\/","title":{"rendered":"Services"},"content":{"rendered":"<div data-elementor-type=\"wp-page\" data-elementor-id=\"6266\" class=\"elementor elementor-6266\">\n\t\t\t\t\t\t<section class=\"elementor-section elementor-top-section elementor-element elementor-element-16f1dcd elementor-section-boxed elementor-section-height-default elementor-section-height-default\" data-id=\"16f1dcd\" data-element_type=\"section\">\n\t\t\t\t\t\t<div class=\"elementor-container elementor-column-gap-default\">\n\t\t\t\t\t<div class=\"elementor-column elementor-col-100 elementor-top-column elementor-element elementor-element-16f21b6\" data-id=\"16f21b6\" data-element_type=\"column\">\n\t\t\t<div class=\"elementor-widget-wrap elementor-element-populated\">\n\t\t\t\t\t\t<div class=\"elementor-element elementor-element-63fef62 elementor-widget elementor-widget-vc_custom_heading\" data-id=\"63fef62\" data-element_type=\"widget\" data-widget_type=\"vc_custom_heading.default\">\n\t\t\t\t<div class=\"elementor-widget-container\">\n\t\t\t\t\t<div class=\"vc_custom_heading  consulting_heading_font  text_align_left\" ><h2 style=\"text-align: left\" class=\"consulting-custom-title\"><a href=\"http:\/\/primeramaritime.ro\/en\/servicii\/\">Services<\/a><\/h2><\/div>\t\t\t\t<\/div>\n\t\t\t\t<\/div>\n\t\t\t\t\t<\/div>\n\t\t<\/div>\n\t\t\t\t\t<\/div>\n\t\t<\/section>\n\t\t\t\t<section class=\"elementor-section elementor-top-section elementor-element elementor-element-b4192e1 elementor-section-boxed elementor-section-height-default elementor-section-height-default\" data-id=\"b4192e1\" data-element_type=\"section\">\n\t\t\t\t\t\t<div class=\"elementor-container elementor-column-gap-default\">\n\t\t\t\t\t<div class=\"elementor-column elementor-col-33 elementor-top-column elementor-element elementor-element-e4ea7d3\" data-id=\"e4ea7d3\" data-element_type=\"column\">\n\t\t\t<div class=\"elementor-widget-wrap elementor-element-populated\">\n\t\t\t\t\t\t<div class=\"elementor-element elementor-element-62ffa94 elementor-widget elementor-widget-stm_header_logo\" data-id=\"62ffa94\" data-element_type=\"widget\" data-widget_type=\"stm_header_logo.default\">\n\t\t\t\t<div class=\"elementor-widget-container\">\n\t\t\t\t\t\n\t\t<div class=\"consulting-logo\">\n\t\t\t\t\t\t<a href=\"http:\/\/primeramaritime.ro\/en\/\">\n\t\t\t\t\t\t\t\t<img decoding=\"async\" src=\"http:\/\/primeramaritime.ro\/wp-content\/uploads\/2023\/08\/primera.svg\" alt=\"Primera Maritime\"\/>\n\t\t\t\t\t\t\t<\/a>\n\t\t\t\t<\/div>\n\n\t\t\t\t\t\t<\/div>\n\t\t\t\t<\/div>\n\t\t\t\t\t<\/div>\n\t\t<\/div>\n\t\t\t\t<div class=\"elementor-column elementor-col-66 elementor-top-column elementor-element elementor-element-9d38369\" data-id=\"9d38369\" data-element_type=\"column\">\n\t\t\t<div class=\"elementor-widget-wrap elementor-element-populated\">\n\t\t\t\t\t\t<div class=\"elementor-element elementor-element-95f9807 elementor-widget elementor-widget-vc_custom_heading\" data-id=\"95f9807\" data-element_type=\"widget\" data-widget_type=\"vc_custom_heading.default\">\n\t\t\t\t<div class=\"elementor-widget-container\">\n\t\t\t\t\t<div class=\"vc_custom_heading  consulting_heading_font  text_align_center\" ><h4 style=\"text-align: center;font-weight:700\" class=\"consulting-custom-title\">Your maritime destination begins with us!\n<\/h4><\/div>\t\t\t\t<\/div>\n\t\t\t\t<\/div>\n\t\t\t\t<div class=\"elementor-element elementor-element-84c04a7 elementor-widget elementor-widget-text-editor\" data-id=\"84c04a7\" data-element_type=\"widget\" data-widget_type=\"text-editor.default\">\n\t\t\t\t<div class=\"elementor-widget-container\">\n\t\t\t\t\t\t\t\t\t<p><center>Primera Maritime, a top crewing agency, offers complete and specialized services for sailors who want to build or develop a successful career at sea. We offer a wide range of services tailored to the individual needs of each sailor, ensuring that each crew member has an extraordinary and safe work experience.<\/center><center>With Primera Maritime, not only will you find opportunities to work on top ships, but you will also benefit from high quality services that support you at every stage of your career. maritime. Choose success and security with Primera Maritime!<\/center><\/p>\n\t\t\t\t\t\t\t\t<\/div>\n\t\t\t\t<\/div>\n\t\t\t\t\t<\/div>\n\t\t<\/div>\n\t\t\t\t\t<\/div>\n\t\t<\/section>\n\t\t\t\t<section class=\"elementor-section elementor-top-section elementor-element elementor-element-f8d5dec elementor-section-boxed elementor-section-height-default elementor-section-height-default\" data-id=\"f8d5dec\" data-element_type=\"section\">\n\t\t\t\t\t\t<div class=\"elementor-container elementor-column-gap-default\">\n\t\t\t\t\t<div class=\"elementor-column elementor-col-100 elementor-top-column elementor-element elementor-element-dc80c5d\" data-id=\"dc80c5d\" data-element_type=\"column\">\n\t\t\t<div class=\"elementor-widget-wrap elementor-element-populated\">\n\t\t\t\t\t\t<div class=\"elementor-element elementor-element-a2d830d elementor-widget elementor-widget-stm_services\" data-id=\"a2d830d\" data-element_type=\"widget\" data-widget_type=\"stm_services.default\">\n\t\t\t\t<div class=\"elementor-widget-container\">\n\t\t\t\t\t\n    <div class=\"stm_services consulting_elementor_services style_6 cols_3\">\n                                <div class=\"item\">\n                <div class=\"item_wr\">\n                                            \n                        <div class=\"item_thumbnail\">\n                            <a href=\"http:\/\/primeramaritime.ro\/en\/service\/plasare-pe-nave\/\">\n                                <img src='http:\/\/primeramaritime.ro\/wp-content\/uploads\/2023\/08\/wall2-150x150.jpg' alt='' \/>                            <\/a>\n                                                    <\/div>\n                                                            <div class=\"content\" >\n                                                                            <h5>\n                                <a href=\"http:\/\/primeramaritime.ro\/en\/service\/plasare-pe-nave\/\"\n                                                                       class=\"text_decoration_none secondary_font_color_hv\">Placement on ships<\/a>\n                            <\/h5>\n                                                                            <p>If you dream of exploring the world at sea, we are the gateway to your adventure! We offer rigorous selection and placement on top ships to meet your maritime aspirations.<\/p>\n                                                                    <\/div>\n                <\/div>\n            <\/div>\n                                <div class=\"item\">\n                <div class=\"item_wr\">\n                                            \n                        <div class=\"item_thumbnail\">\n                            <a href=\"http:\/\/primeramaritime.ro\/en\/service\/gestionarea-documentelor\/\">\n                                <img src='http:\/\/primeramaritime.ro\/wp-content\/uploads\/2016\/01\/cargo-ship-150x150.jpg' alt='' \/>                            <\/a>\n                                                    <\/div>\n                                                            <div class=\"content\" >\n                                                                            <h5>\n                                <a href=\"http:\/\/primeramaritime.ro\/en\/service\/gestionarea-documentelor\/\"\n                                                                       class=\"text_decoration_none secondary_font_color_hv\">Document management<\/a>\n                            <\/h5>\n                                                                            <p> Let us deal with bureaucracy! We assure you that your documents, from visa certificates, are in order to be able to navigate without worries.<\/p>\n                                                                    <\/div>\n                <\/div>\n            <\/div>\n                                <div class=\"item\">\n                <div class=\"item_wr\">\n                                            \n                        <div class=\"item_thumbnail\">\n                            <a href=\"http:\/\/primeramaritime.ro\/en\/service\/instruire-si-perfectionare\/\">\n                                <img src='http:\/\/primeramaritime.ro\/wp-content\/uploads\/2023\/09\/bric-mircea-150x150.jpg' alt='' \/>                            <\/a>\n                                                    <\/div>\n                                                            <div class=\"content\" >\n                                                                            <h5>\n                                <a href=\"http:\/\/primeramaritime.ro\/en\/service\/instruire-si-perfectionare\/\"\n                                                                       class=\"text_decoration_none secondary_font_color_hv\">Training and perfecting<\/a>\n                            <\/h5>\n                                                                            <p>With our training and development, maritime crews become more competent and prepared for any challenge at sea.<\/p>\n                                                                    <\/div>\n                <\/div>\n            <\/div>\n                                <div class=\"item\">\n                <div class=\"item_wr\">\n                                            \n                        <div class=\"item_thumbnail\">\n                            <a href=\"http:\/\/primeramaritime.ro\/en\/service\/asitenta-in-cariera\/\">\n                                <img src='http:\/\/primeramaritime.ro\/wp-content\/uploads\/2023\/09\/ship-tank-150x150.jpg' alt='' \/>                            <\/a>\n                                                    <\/div>\n                                                            <div class=\"content\" >\n                                                                            <h5>\n                                <a href=\"http:\/\/primeramaritime.ro\/en\/service\/asitenta-in-cariera\/\"\n                                                                       class=\"text_decoration_none secondary_font_color_hv\">Career assistance<\/a>\n                            <\/h5>\n                                                                            <p>With the career assistance we provide, you are navigating new opportunities and achievements in the maritime industry.<\/p>\n                                                                    <\/div>\n                <\/div>\n            <\/div>\n                                <div class=\"item\">\n                <div class=\"item_wr\">\n                                            \n                        <div class=\"item_thumbnail\">\n                            <a href=\"http:\/\/primeramaritime.ro\/en\/service\/suport-in-timpul-contractelor\/\">\n                                <img src='http:\/\/primeramaritime.ro\/wp-content\/uploads\/2023\/09\/ship-red-150x150.png' alt='' \/>                            <\/a>\n                                                    <\/div>\n                                                            <div class=\"content\" >\n                                                                            <h5>\n                                <a href=\"http:\/\/primeramaritime.ro\/en\/service\/suport-in-timpul-contractelor\/\"\n                                                                       class=\"text_decoration_none secondary_font_color_hv\">Support during contracts<\/a>\n                            <\/h5>\n                                                                            <p>We provide reliable support throughout the contracts to ensure the peace and success of our maritime crews.<\/p>\n                                                                    <\/div>\n                <\/div>\n            <\/div>\n                                <div class=\"item\">\n                <div class=\"item_wr\">\n                                            \n                        <div class=\"item_thumbnail\">\n                            <a href=\"http:\/\/primeramaritime.ro\/en\/service\/gestionarea-acreditarilor\/\">\n                                <img src='http:\/\/primeramaritime.ro\/wp-content\/uploads\/2023\/09\/roro-ship-150x150.jpg' alt='' \/>                            <\/a>\n                                                    <\/div>\n                                                            <div class=\"content\" >\n                                                                            <h5>\n                                <a href=\"http:\/\/primeramaritime.ro\/en\/service\/gestionarea-acreditarilor\/\"\n                                                                       class=\"text_decoration_none secondary_font_color_hv\">Accreditation management<\/a>\n                            <\/h5>\n                                                                            <p>With our expertise in accreditation management, we help you keep documentation in order and comply with all legal requirements in the maritime industry.<\/p>\n                                                                    <\/div>\n                <\/div>\n            <\/div>\n            <\/div>\n\t\t\t\t<\/div>\n\t\t\t\t<\/div>\n\t\t\t\t\t<\/div>\n\t\t<\/div>\n\t\t\t\t\t<\/div>\n\t\t<\/section>\n\t\t\t\t<\/div>","protected":false},"excerpt":{"rendered":"<p>Servicii Destina\u021bia ta maritim\u0103 \u00eencepe cu noi! Primera Maritime, o agentie de crewing de top, ofer\u0103 servicii complete \u0219i specializate pentru marinarii care doresc s\u0103 \u00ee\u0219i construiasc\u0103 sau s\u0103 \u00ee\u0219i dezvolte o carier\u0103 de succes pe mare. Oferim o gam\u0103 larg\u0103 de servicii adaptate nevoilor individuale ale fiec\u0103rui marinar, asigur\u00e2ndu-ne c\u0103 fiecare membru al echipajului<\/p>","protected":false},"author":1,"featured_media":0,"parent":0,"menu_order":0,"comment_status":"closed","ping_status":"closed","template":"","meta":{"footnotes":""},"class_list":["post-6266","page","type-page","status-publish","hentry"],"_links":{"self":[{"href":"http:\/\/primeramaritime.ro\/en\/wp-json\/wp\/v2\/pages\/6266","targetHints":{"allow":["GET"]}}],"collection":[{"href":"http:\/\/primeramaritime.ro\/en\/wp-json\/wp\/v2\/pages"}],"about":[{"href":"http:\/\/primeramaritime.ro\/en\/wp-json\/wp\/v2\/types\/page"}],"author":[{"embeddable":true,"href":"http:\/\/primeramaritime.ro\/en\/wp-json\/wp\/v2\/users\/1"}],"replies":[{"embeddable":true,"href":"http:\/\/primeramaritime.ro\/en\/wp-json\/wp\/v2\/comments?post=6266"}],"version-history":[{"count":0,"href":"http:\/\/primeramaritime.ro\/en\/wp-json\/wp\/v2\/pages\/6266\/revisions"}],"wp:attachment":[{"href":"http:\/\/primeramaritime.ro\/en\/wp-json\/wp\/v2\/media?parent=6266"}],"curies":[{"name":"wp","href":"https:\/\/api.w.org\/{rel}","templated":true}]}}